{"id":1075,"date":"2019-08-27T10:17:09","date_gmt":"2019-08-27T13:17:09","guid":{"rendered":"https:\/\/pslv-sal.infd.edu.ar\/sitio\/?page_id=1075"},"modified":"2019-08-27T10:17:09","modified_gmt":"2019-08-27T13:17:09","slug":"oferta-academica","status":"publish","type":"page","link":"https:\/\/pslv-sal.infd.edu.ar\/sitio\/oferta-academica\/","title":{"rendered":"Oferta Acad\u00e9mica"},"content":{"rendered":"<p>En el Profesorado se dictan las siguientes carreras:<\/p>\n<p><a href=\"https:\/\/pslv-sal.infd.edu.ar\/sitio\/profesorado-de-ingles\/\">Profesorado de Ingl\u00e9s<\/a><\/p>\n<p><a href=\"https:\/\/pslv-sal.infd.edu.ar\/sitio\/profesorado-de-frances\/\">Profesorado de Franc\u00e9s<\/a><\/p>\n<p><a href=\"https:\/\/pslv-sal.infd.edu.ar\/sitio\/tecnicatura-superior-en-ingles-para-el-turismo\/\">Tecnicatura en Ingl\u00e9s para el Turismo<\/a><\/p>\n","protected":false},"excerpt":{"rendered":"<p>En el Profesorado se dictan las siguientes carreras: Profesorado de Ingl\u00e9s Profesorado de Franc\u00e9s Tecnicatura en Ingl\u00e9s para el Turismo<\/p>\n","protected":false},"author":753,"featured_media":0,"parent":0,"menu_order":0,"comment_status":"closed","ping_status":"closed","template":"","meta":[],"acf":[],"_links":{"self":[{"href":"https:\/\/pslv-sal.infd.edu.ar\/sitio\/wp-json\/wp\/v2\/pages\/1075"}],"collection":[{"href":"https:\/\/pslv-sal.infd.edu.ar\/sitio\/wp-json\/wp\/v2\/pages"}],"about":[{"href":"https:\/\/pslv-sal.infd.edu.ar\/sitio\/wp-json\/wp\/v2\/types\/page"}],"author":[{"embeddable":true,"href":"https:\/\/pslv-sal.infd.edu.ar\/sitio\/wp-json\/wp\/v2\/users\/753"}],"replies":[{"embeddable":true,"href":"https:\/\/pslv-sal.infd.edu.ar\/sitio\/wp-json\/wp\/v2\/comments?post=1075"}],"version-history":[{"count":2,"href":"https:\/\/pslv-sal.infd.edu.ar\/sitio\/wp-json\/wp\/v2\/pages\/1075\/revisions"}],"predecessor-version":[{"id":2109,"href":"https:\/\/pslv-sal.infd.edu.ar\/sitio\/wp-json\/wp\/v2\/pages\/1075\/revisions\/2109"}],"wp:attachment":[{"href":"https:\/\/pslv-sal.infd.edu.ar\/sitio\/wp-json\/wp\/v2\/media?parent=1075"}],"curies":[{"name":"wp","href":"https:\/\/api.w.org\/{rel}","templated":true}]}}