{"id":1254,"date":"2020-06-18T23:00:00","date_gmt":"2020-06-19T02:00:00","guid":{"rendered":"https:\/\/pslv-sal.infd.edu.ar\/sitio\/?page_id=1254"},"modified":"2020-10-13T23:33:24","modified_gmt":"2020-10-14T02:33:24","slug":"informacion-para-los-estudiantes","status":"publish","type":"page","link":"https:\/\/pslv-sal.infd.edu.ar\/sitio\/informacion-para-los-estudiantes\/","title":{"rendered":"Informaci\u00f3n para los Estudiantes"},"content":{"rendered":"<p><strong><span style=\"color: #800000;\">IMPORTANTE: Informaci\u00f3n Actualizada con la Resoluci\u00f3n N\u00b0 003\/2020<\/span><\/strong><\/p>\n<p>La Secretar\u00eda de Planeamiento Educativo y Desarrollo Profesional Docente del Ministerio de Educaci\u00f3n, Cultura, Ciencia y Tecnolog\u00eda, emiti\u00f3 la Resoluci\u00f3n N\u00b0 003\/20, la cual deja sin efecto la Resoluci\u00f3n 002\/2020 y modifica parcialmente los Anexos III, IV, V, V.1, y V.2 de la Resoluci\u00f3n N\u00ba 01\/2020 de esta Secretar\u00eda, que aprueba el Calendario Escolar y sus normas de aplicaci\u00f3n a regir durante el Per\u00edodo de Actividades Educativas 2020. Se aprobaron las siguientes modificaciones correspondientes al calendario escolar 2020, para el Nivel Superior<\/p>\n<p style=\"text-align: center;\"><strong>ANEXO VI<\/strong><br \/>\n<strong>NIVEL DE EDUCACI\u00d3N SUPERIOR<\/strong><\/p>\n<p style=\"text-align: left;\">Se reajustan fechas de los Cuatrimestres:<br \/>\n1\u00b0 Cuatrimestre:\u00a0<strong> 11\/03\/2020 \u00a0 \u00a0 al \u00a0\u00a0 31\/07\/2020<\/strong><br \/>\n2\u00b0 Cuatrimestre:\u00a0<strong> 01\/09\/2020\u00a0\u00a0\u00a0 al \u00a0\u00a0 11\/12\/2020<\/strong><\/p>\n<table border=\"1\">\n<tbody>\n<tr>\n<td style=\"border: 1px solid #000000;\" colspan=\"2\" rowspan=\"3\" align=\"center\" valign=\"middle\"><strong>JULIO\/2020<\/strong><\/td>\n<td style=\"border: 1px solid #000000;\" colspan=\"2\" align=\"center\" valign=\"middle\">1 al 11<\/td>\n<td style=\"border: 1px solid #000000;\" colspan=\"3\" align=\"center\" valign=\"middle\"><strong>Primer Turno Extraordinario de Ex\u00e1menes<\/strong>. (Solamente mediados por TIC)<\/td>\n<\/tr>\n<tr>\n<td style=\"border: 1px solid #000000;\" colspan=\"2\" align=\"center\" valign=\"middle\">13 al 24<\/td>\n<td style=\"border: 1px solid #000000;\" colspan=\"3\" align=\"center\" valign=\"middle\">Receso de Invierno <strong>(no se modifica)<\/strong><\/td>\n<\/tr>\n<tr>\n<td style=\"border: 1px solid #000000;\" colspan=\"2\" align=\"center\" valign=\"middle\">31<\/td>\n<td style=\"border: 1px solid #000000;\" colspan=\"3\" align=\"center\" valign=\"middle\">Finalizaci\u00f3n del 1\u00b0 Cuatrimestre.<\/td>\n<\/tr>\n<tr>\n<td style=\"border: 1px solid #000000;\" colspan=\"2\" rowspan=\"3\" align=\"center\" valign=\"middle\"><strong>AGOSTO\/2020<\/strong><\/td>\n<td style=\"border: 1px solid #000000;\" colspan=\"2\" align=\"center\" valign=\"middle\">29\/07 al 04\/08<\/td>\n<td style=\"border: 1px solid #000000;\" colspan=\"3\" align=\"center\" valign=\"middle\"><strong>Segundo Turno Extraordinario de Ex\u00e1menes<\/strong>. (Presencial y\/o mediados por TIC)<\/td>\n<\/tr>\n<tr>\n<td style=\"border: 1px solid #000000;\" colspan=\"2\" align=\"center\" valign=\"middle\">10\/08 al 14\/08<\/td>\n<td style=\"border: 1px solid #000000;\" colspan=\"3\" align=\"center\" valign=\"middle\"><strong>Turno Ordinario de Ex\u00e1menes<\/strong>. <em>Primer Llamado<\/em> (Presencial y\/o mediados por TIC)<\/td>\n<\/tr>\n<tr>\n<td style=\"border: 1px solid #000000;\" colspan=\"2\" align=\"center\" valign=\"middle\">19\/08 al 25\/08<\/td>\n<td style=\"border: 1px solid #000000;\" colspan=\"3\" align=\"center\" valign=\"middle\"><strong>Turno Ordinario de Ex\u00e1menes<\/strong>. <em>Segundo Llamado<\/em> (Presencial y\/o mediados por TIC)<\/td>\n<\/tr>\n<tr>\n<td style=\"border: 1px solid #000000;\" colspan=\"2\" align=\"center\" valign=\"middle\"><strong>SETIEMBRE\/2020<\/strong><\/td>\n<td style=\"border: 1px solid #000000;\" colspan=\"2\" align=\"center\" valign=\"middle\">1<\/td>\n<td style=\"border: 1px solid #000000;\" colspan=\"3\" align=\"center\" valign=\"middle\">Inicio del 2\u00b0 Cuatrimestre *<\/td>\n<\/tr>\n<tr>\n<td style=\"border: 1px solid #000000;\" colspan=\"2\" align=\"center\" valign=\"middle\"><strong>OCTUBRE\/2020<\/strong><\/td>\n<td style=\"border: 1px solid #000000;\" colspan=\"2\" align=\"center\" valign=\"middle\">26\/10 al 30\/10<\/td>\n<td style=\"border: 1px solid #000000;\" colspan=\"3\" align=\"center\" valign=\"middle\"><a href=\"https:\/\/pslv-sal.infd.edu.ar\/sitio\/turno-extraordinario-setiembre\/\"><strong>Tercer Turno Extraordinario de Ex\u00e1menes<\/strong><\/a>. (Mediado por TIC)<\/p>\n<blockquote><p><strong>Solo para completar carrera<\/strong><\/p><\/blockquote>\n<p>Recepci\u00f3n de Notas de Pedido de Mesa atrav\u00e9s de <a href=\"https:\/\/pslv-sal.infd.edu.ar\/sitio\/turno-extraordinario-setiembre\/\">Formulario online<\/a><\/td>\n<\/tr>\n<tr>\n<td style=\"border: 1px solid #000000;\" colspan=\"2\" rowspan=\"2\" align=\"center\" valign=\"middle\"><strong>DICIEMBRE\/2020<\/strong><\/td>\n<td style=\"border: 1px solid #000000;\" colspan=\"2\" align=\"center\" valign=\"middle\">11<\/td>\n<td style=\"border: 1px solid #000000;\" colspan=\"3\" align=\"center\" valign=\"middle\">Finalizaci\u00f3n del 2\u00b0 Cuatrimestre.<\/td>\n<\/tr>\n<tr>\n<td style=\"border: 1px solid #000000;\" colspan=\"2\" align=\"center\" valign=\"middle\">14\/12 al 30\/12<\/td>\n<td style=\"border: 1px solid #000000;\" colspan=\"3\" align=\"center\" valign=\"middle\">Turno Ordinario de Ex\u00e1menes. Dos (2) llamados **<\/td>\n<\/tr>\n<tr>\n<td style=\"border: 1px solid #000000; text-align: left;\" colspan=\"7\" align=\"center\" valign=\"middle\">(*) Inicio del segundo cuatrimestre sujeto a las medidas de la ASPO.<\/p>\n<p>(**) Los d\u00edas s\u00e1bados son considerados h\u00e1biles para actividades institucionales<\/td>\n<\/tr>\n<\/tbody>\n<\/table>\n<p>&nbsp;<\/p>\n","protected":false},"excerpt":{"rendered":"<p>IMPORTANTE: Informaci\u00f3n Actualizada con la Resoluci\u00f3n N\u00b0 003\/2020 La Secretar\u00eda de Planeamiento Educativo y Desarrollo Profesional Docente del Ministerio de Educaci\u00f3n, Cultura, Ciencia y Tecnolog\u00eda, emiti\u00f3 la Resoluci\u00f3n N\u00b0 003\/20, la cual deja sin efecto la Resoluci\u00f3n 002\/2020 y modifica parcialmente los Anexos III, IV, V, V.1, y V.2 de la Resoluci\u00f3n N\u00ba 01\/2020 de &#8230; <a title=\"Informaci\u00f3n para los Estudiantes\" class=\"read-more\" href=\"https:\/\/pslv-sal.infd.edu.ar\/sitio\/informacion-para-los-estudiantes\/\" aria-label=\"More on Informaci\u00f3n para los Estudiantes\">[+]<\/a><\/p>\n","protected":false},"author":753,"featured_media":0,"parent":0,"menu_order":0,"comment_status":"closed","ping_status":"closed","template":"","meta":[],"acf":[],"_links":{"self":[{"href":"https:\/\/pslv-sal.infd.edu.ar\/sitio\/wp-json\/wp\/v2\/pages\/1254"}],"collection":[{"href":"https:\/\/pslv-sal.infd.edu.ar\/sitio\/wp-json\/wp\/v2\/pages"}],"about":[{"href":"https:\/\/pslv-sal.infd.edu.ar\/sitio\/wp-json\/wp\/v2\/types\/page"}],"author":[{"embeddable":true,"href":"https:\/\/pslv-sal.infd.edu.ar\/sitio\/wp-json\/wp\/v2\/users\/753"}],"replies":[{"embeddable":true,"href":"https:\/\/pslv-sal.infd.edu.ar\/sitio\/wp-json\/wp\/v2\/comments?post=1254"}],"version-history":[{"count":31,"href":"https:\/\/pslv-sal.infd.edu.ar\/sitio\/wp-json\/wp\/v2\/pages\/1254\/revisions"}],"predecessor-version":[{"id":1430,"href":"https:\/\/pslv-sal.infd.edu.ar\/sitio\/wp-json\/wp\/v2\/pages\/1254\/revisions\/1430"}],"wp:attachment":[{"href":"https:\/\/pslv-sal.infd.edu.ar\/sitio\/wp-json\/wp\/v2\/media?parent=1254"}],"curies":[{"name":"wp","href":"https:\/\/api.w.org\/{rel}","templated":true}]}}