{"id":1491,"date":"2021-03-06T02:32:55","date_gmt":"2021-03-06T05:32:55","guid":{"rendered":"https:\/\/pslv-sal.infd.edu.ar\/sitio\/?page_id=1491"},"modified":"2023-02-14T21:51:58","modified_gmt":"2023-02-15T00:51:58","slug":"cambio-plan","status":"publish","type":"page","link":"https:\/\/pslv-sal.infd.edu.ar\/sitio\/cambio-plan\/","title":{"rendered":"Cambio de Plan de estudios"},"content":{"rendered":"<h2>Planes de estudio en extinci\u00f3n:<\/h2>\n<h2 style=\"text-align: center;\"><a href=\"https:\/\/pslv-sal.infd.edu.ar\/sitio\/wp-content\/uploads\/sitio\/Res-1789-12.pdf\">Res. Min. 1789\/2012<\/a> (Profesorado de Ingl\u00e9s) y<\/h2>\n<h2 style=\"text-align: center;\"><a href=\"https:\/\/pslv-sal.infd.edu.ar\/sitio\/wp-content\/uploads\/sitio\/Res-2041-12.pdf\">Res. Min. 2041\/2012<\/a> (Profesorado de Franc\u00e9s)<\/h2>\n<p>Durante el Periodo Lectivo 2022 se dictan las materias de 1ro a 4to a\u00f1o en los planes <a href=\"https:\/\/dges-sal.infd.edu.ar\/aula\/archivos\/repositorio\/500\/608\/Res._1219-19_Profesorado_de_Ingles.pdf\">Res. Min. 1219\/2019<\/a> (Profesorado de Ingl\u00e9s) y <a href=\"https:\/\/dges-sal.infd.edu.ar\/aula\/archivos\/repositorio\/500\/609\/Res._1050-19_Prof_de_frances.pdf\">Res. Min. 1050\/2019<\/a> (Profesorado de Franc\u00e9s)<\/p>\n<h2><strong>Preguntas Frecuentes<\/strong>:<\/h2>\n<p><span style=\"color: #ff0000;\">1- \u00bfTengo que cambiarme de plan?<\/span><br \/>\nEsta es una decisi\u00f3n personal que deber\u00e1s tomar dependiendo de tu estado acad\u00e9mico.<\/p>\n<p><span style=\"color: #ff0000;\">2- \u00bfLos cambios de planes son realizados autom\u00e1ticamente por la instituci\u00f3n?<\/span><\/p>\n<p>No. El cambio de plan solo se realiza cuando present\u00e1s una nota solicit\u00e1ndolo.<\/p>\n<p><span style=\"color: #ff0000;\">3- \u00bfQu\u00e9 implica un cambio de plan?<\/span><\/p>\n<p>Cuando cambias de plan de estudios (<a href=\"https:\/\/pslv-sal.infd.edu.ar\/sitio\/wp-content\/uploads\/2022\/03\/Modelo-Nota-Pedido-Cambio-de-Plan.docx\">Presentando una nota manifestando tu voluntad de hacerlo<\/a>), se cierra la libreta que tenias en el plan \u00abviejo\u00bb y se abre una nueva libreta en el plan \u00abnuevo\u00bb.<br \/>\nA continuaci\u00f3n se generan autom\u00e1ticamente las equivalencias de las materias que ten\u00e9s <strong>aprobadas<\/strong> en el plan \u00abviejo\u00bb por las que correspondan de acuerdo a la<a href=\"https:\/\/drive.google.com\/file\/d\/1PxwoAJm-4W3NN7cKOUyIp4t14IMQUpdS\/view?usp=sharing\"> tabla de equivalencias 2012\/2019<\/a> | <a href=\"https:\/\/drive.google.com\/file\/d\/1qMaukn7J4S1ulaXJsu6vmxnZATMlrCLB\/view?usp=sharing\">tabla de equivalencias 1660\/2019 (Franc\u00e9s)<\/a> | <a href=\"https:\/\/pslv-sal.infd.edu.ar\/sitio\/wp-content\/uploads\/2022\/03\/TABLA-DE-EQUIVALENCIAS-650_02-A-1219_19.pdf\">tabla de equivalencias 650\/2019 (Ingl\u00e9s)<\/a>, en el plan \u00abnuevo\u00bb.<\/p>\n<p><span style=\"color: #ff0000;\">4- Si solicito el cambio de plan, \u00bfQu\u00e9 pasa con las materias que tengo regularizadas pero no aprobadas (con examen final) en el plan \u00abviejo\u00bb?<\/span><\/p>\n<p>Esas materias no tienen posibilidad de reconocerse mediante equivalencias y como la libreta del plan en la que fueron regularizadas se da de baja, no podr\u00e1s rendirlas como Regular, deber\u00e1s volver a cursarlas o podr\u00e1s rendirlas libre siempre y cuando no se trate de una Pr\u00e1ctica, un Seminario o un Taller, ya que este tipo de materias no pueden rendirse en condici\u00f3n de libre (<a href=\"https:\/\/drive.google.com\/file\/d\/1RDsFj5ojEK3fK997I1DgXdi01Ey14J-q\/view?usp=sharing\">Art. 22 Res. Min. 2484\/2013 RAM<\/a>).<\/p>\n<p><span style=\"color: #ff0000;\">5- \u00bfPuedo recursar materias de 1ro, 2do, 3er y\/o 4to a\u00f1o manteni\u00e9ndome en el plan 2012?<\/span><\/p>\n<p>Si en la <a href=\"https:\/\/drive.google.com\/file\/d\/1PxwoAJm-4W3NN7cKOUyIp4t14IMQUpdS\/view?usp=sharing\">tabla de equivalencias<\/a> del Plan 2019 se encuentra una materia equivalente a la que deseas recursar, podr\u00e1s hacerlo y luego las calificaciones obtenidas ser\u00e1n convalidadas en el \u00abPlan viejo\u00bb.<\/p>\n<p><span style=\"color: #ff0000;\">6- \u00bfC\u00f3mo es el tr\u00e1mite de cambio de plan?<\/span><\/p>\n<p>Ten\u00e9s que redactar y presentar en el instituto, San Mart\u00edn esq. Cnel Moldes, <a href=\"https:\/\/pslv-sal.infd.edu.ar\/sitio\/wp-content\/uploads\/2022\/03\/Modelo-Nota-Pedido-Cambio-de-Plan.docx\">una nota<\/a> dirigida al Profesor a cargo de rector\u00eda, Prof. Gustavo Zaplana, en la que expresas tu voluntad de cambiar del plan de estudio XX (mencionar carrera y resoluci\u00f3n del plan de origen o \u00abviejo\u00bb) al plan de estudios YY (mencionar carrera y resoluci\u00f3n del plan de destino o \u00abnuevo\u00bb) y solicit\u00e1 que se generen las equivalencias que correspondan de acuerdo a la <a href=\"https:\/\/drive.google.com\/file\/d\/1PxwoAJm-4W3NN7cKOUyIp4t14IMQUpdS\/view?usp=sharing\"> tabla de equivalencias 2012\/2019<\/a> | <a href=\"https:\/\/drive.google.com\/file\/d\/1qMaukn7J4S1ulaXJsu6vmxnZATMlrCLB\/view?usp=sharing\">tabla de equivalencias 1660\/2019 (Franc\u00e9s)<\/a> | <a href=\"https:\/\/pslv-sal.infd.edu.ar\/sitio\/wp-content\/uploads\/2022\/03\/TABLA-DE-EQUIVALENCIAS-650_02-A-1219_19.pdf\">tabla de equivalencias 650\/2019 (Ingl\u00e9s)<\/a>.<\/p>\n<p><span style=\"color: #ff0000;\">7- \u00bfQu\u00e9 pasa si no solicito el cambio de plan?<\/span><\/p>\n<p>Nada. Siguen vigentes las regularidades que tengas hasta la fecha establecida, podr\u00e1s rendir materias en calidad de Regular o Libre de acuerdo a lo establecido en la <strong><a href=\"https:\/\/drive.google.com\/file\/d\/1RDsFj5ojEK3fK997I1DgXdi01Ey14J-q\/view?usp=sharing\">Res. Min. 2484\/2013 RAM<\/a>,<\/strong>\u00a0hasta la extinci\u00f3n de los efectos acad\u00e9micos del Plan en el que te encontr\u00e1s, luego de ese plazo (generalmente 6 a\u00f1os despu\u00e9s del dictado del ultimo a\u00f1o), ya no podr\u00e1s rendir ninguna materia, ni reinscribirte en ese plan. Tambi\u00e9n se aplica lo explicado en la pregunta n\u00famero 5.<\/p>\n<p><span style=\"color: #ff0000;\">8- \u00bfQu\u00e9 significa en el esquema de equivalencias cuando se indica \u00abSeguir procedimiento de solicitud\u00a0 de equivalencias s<\/span><span style=\"color: #ff0000;\">eg\u00fan RAM\u00bb?<\/span><\/p>\n<p>Significa que en ese caso deber\u00e1n presentar la nota solicitando la equivalencia dentro de los Plazos establecidos por el RAM (Hasta el 30 de Abril materias del 1er Cuat. o Anuales y hasta el 31 de agosto materias del 2do Cuat.) y los docentes a cargo de esas asignaturas deber\u00e1n resolver las equivalencia.<\/p>\n<p><em>En el caso de las equivalencias internas de nuestro Profesorado, nuestros docentes ya emitieron un informe general otorgando equivalencia total para el caso de \u00c9tica y Deontolog\u00eda Profesional y Taller Literario, lo que se aplicar\u00e1 autom\u00e1ticamente junto con el esquema general en caso que corresponda.<\/em><\/p>\n<blockquote>\n<p style=\"text-align: center;\">Si ten\u00e9s alguna pregunta sobre el tema, que no est\u00e9 en esta p\u00e1gina, envi\u00e1 un email a <strong>proflenguasvivas6007@gmail.com<\/strong>, en asunto pon\u00e9 \u00abCambio de plan\u00bb y en el cuerpo expres\u00e1 lo mas claramente posible tu duda y la publicaremos en esta misma p\u00e1gina.<\/p>\n<p style=\"text-align: center;\">Por favor antes de enviar el email revis\u00e1 que tu duda no est\u00e9 resuelta en las preguntas ya publicadas.<\/p>\n<p style=\"text-align: center;\">No responderemos a cada email particular, sino que publicaremos la pregunta y respuesta en esta p\u00e1gina.<\/p>\n<\/blockquote>\n","protected":false},"excerpt":{"rendered":"<p>Planes de estudio en extinci\u00f3n: Res. Min. 1789\/2012 (Profesorado de Ingl\u00e9s) y Res. Min. 2041\/2012 (Profesorado de Franc\u00e9s) Durante el Periodo Lectivo 2022 se dictan las materias de 1ro a 4to a\u00f1o en los planes Res. Min. 1219\/2019 (Profesorado de Ingl\u00e9s) y Res. Min. 1050\/2019 (Profesorado de Franc\u00e9s) Preguntas Frecuentes: 1- \u00bfTengo que cambiarme de &#8230; <a title=\"Cambio de Plan de estudios\" class=\"read-more\" href=\"https:\/\/pslv-sal.infd.edu.ar\/sitio\/cambio-plan\/\" aria-label=\"More on Cambio de Plan de estudios\">[+]<\/a><\/p>\n","protected":false},"author":753,"featured_media":0,"parent":0,"menu_order":0,"comment_status":"closed","ping_status":"closed","template":"","meta":[],"acf":[],"_links":{"self":[{"href":"https:\/\/pslv-sal.infd.edu.ar\/sitio\/wp-json\/wp\/v2\/pages\/1491"}],"collection":[{"href":"https:\/\/pslv-sal.infd.edu.ar\/sitio\/wp-json\/wp\/v2\/pages"}],"about":[{"href":"https:\/\/pslv-sal.infd.edu.ar\/sitio\/wp-json\/wp\/v2\/types\/page"}],"author":[{"embeddable":true,"href":"https:\/\/pslv-sal.infd.edu.ar\/sitio\/wp-json\/wp\/v2\/users\/753"}],"replies":[{"embeddable":true,"href":"https:\/\/pslv-sal.infd.edu.ar\/sitio\/wp-json\/wp\/v2\/comments?post=1491"}],"version-history":[{"count":16,"href":"https:\/\/pslv-sal.infd.edu.ar\/sitio\/wp-json\/wp\/v2\/pages\/1491\/revisions"}],"predecessor-version":[{"id":2036,"href":"https:\/\/pslv-sal.infd.edu.ar\/sitio\/wp-json\/wp\/v2\/pages\/1491\/revisions\/2036"}],"wp:attachment":[{"href":"https:\/\/pslv-sal.infd.edu.ar\/sitio\/wp-json\/wp\/v2\/media?parent=1491"}],"curies":[{"name":"wp","href":"https:\/\/api.w.org\/{rel}","templated":true}]}}