{"id":805,"date":"2018-07-02T19:24:12","date_gmt":"2018-07-02T22:24:12","guid":{"rendered":"https:\/\/pslv-sal.infd.edu.ar\/sitio\/informacion-para-alumnos\/"},"modified":"2024-02-19T20:59:34","modified_gmt":"2024-02-19T23:59:34","slug":"informacion-para-alumnos","status":"publish","type":"page","link":"https:\/\/pslv-sal.infd.edu.ar\/sitio\/informacion-para-alumnos\/","title":{"rendered":"Informaci\u00f3n para alumnos"},"content":{"rendered":"<p style=\"text-align: center;\"><span style=\"text-decoration: underline;\"><strong><span style=\"color: #000000; font-family: verdana, geneva; font-size: 18pt; text-decoration: underline;\">Seguro Escolar Obligatorio<\/span><\/strong><\/span><\/p>\n<p style=\"text-align: justify;\"><span style=\"font-family: verdana, geneva; font-size: 14pt;\">De acuerdo a lo <a title=\"Ips\" href=\"https:\/\/www.ipssalta.gov.ar\/OtrosSeguroEscolar.aspx\">indicado por el IPS (Consultar en Beneficios y Requisitos)<\/a>, el seguro para este a\u00f1o tendr\u00e1 un costo de <strong>$1.820,00<\/strong>.<\/span><\/p>\n<p style=\"text-align: justify;\"><span style=\"font-family: verdana, geneva; font-size: 14pt;\">El pago del seguro es de car\u00e1cter obligatorio, y cubre a los alumnos desde el primer d\u00eda del inicio del periodo lectivo hasta la finalizaci\u00f3n del periodo lectivo incluyendo las pr\u00e1cticas docentes y los viajes de estudio. (Ley Provincial 5110).<br \/><\/span><\/p>\n<p>\u00a0<\/p>\n<p><a href=\"https:\/\/pslv-sal.infd.edu.ar\/sitio\/tramites-de-alumnos\/\"><span style=\"text-decoration: underline;\"><strong><span style=\"font-family: verdana, geneva; font-size: 18pt;\">Tr\u00e1mites de alumnos<\/span><\/strong><\/span><\/a><\/p>\n<p><span style=\"text-decoration: underline;\"><strong><span style=\"font-family: verdana, geneva; font-size: 18pt;\"><a title=\"Equivalencias\" href=\"index.cgi?wid_item=48&amp;wid_seccion=5\">Pedido de Reconocimiento de Equivalencias<\/a><\/span><\/strong><\/span><\/p>\n<p><span style=\"text-decoration: underline;\"><strong><span style=\"font-family: verdana, geneva; font-size: 18pt;\"><a title=\"Egresados\" href=\"index.cgi?wid_item=53&amp;wid_seccion=5\">Solicitud de T\u00edtulos<\/a><\/span><\/strong><\/span><\/p>\n<p>\u00a0<\/p>\n\n\n<p><\/p>\n","protected":false},"excerpt":{"rendered":"<p>Seguro Escolar Obligatorio De acuerdo a lo indicado por el IPS (Consultar en Beneficios y Requisitos), el seguro para este a\u00f1o tendr\u00e1 un costo de $1.820,00. El pago del seguro es de car\u00e1cter obligatorio, y cubre a los alumnos desde el primer d\u00eda del inicio del periodo lectivo hasta la finalizaci\u00f3n del periodo lectivo incluyendo &#8230; <a title=\"Informaci\u00f3n para alumnos\" class=\"read-more\" href=\"https:\/\/pslv-sal.infd.edu.ar\/sitio\/informacion-para-alumnos\/\" aria-label=\"More on Informaci\u00f3n para alumnos\">[+]<\/a><\/p>\n","protected":false},"author":753,"featured_media":0,"parent":0,"menu_order":0,"comment_status":"closed","ping_status":"closed","template":"","meta":[],"acf":[],"_links":{"self":[{"href":"https:\/\/pslv-sal.infd.edu.ar\/sitio\/wp-json\/wp\/v2\/pages\/805"}],"collection":[{"href":"https:\/\/pslv-sal.infd.edu.ar\/sitio\/wp-json\/wp\/v2\/pages"}],"about":[{"href":"https:\/\/pslv-sal.infd.edu.ar\/sitio\/wp-json\/wp\/v2\/types\/page"}],"author":[{"embeddable":true,"href":"https:\/\/pslv-sal.infd.edu.ar\/sitio\/wp-json\/wp\/v2\/users\/753"}],"replies":[{"embeddable":true,"href":"https:\/\/pslv-sal.infd.edu.ar\/sitio\/wp-json\/wp\/v2\/comments?post=805"}],"version-history":[{"count":10,"href":"https:\/\/pslv-sal.infd.edu.ar\/sitio\/wp-json\/wp\/v2\/pages\/805\/revisions"}],"predecessor-version":[{"id":2195,"href":"https:\/\/pslv-sal.infd.edu.ar\/sitio\/wp-json\/wp\/v2\/pages\/805\/revisions\/2195"}],"wp:attachment":[{"href":"https:\/\/pslv-sal.infd.edu.ar\/sitio\/wp-json\/wp\/v2\/media?parent=805"}],"curies":[{"name":"wp","href":"https:\/\/api.w.org\/{rel}","templated":true}]}}