{"id":819,"date":"2018-07-02T19:24:19","date_gmt":"2018-07-02T22:24:19","guid":{"rendered":"https:\/\/pslv-sal.infd.edu.ar\/sitio\/estudiar-en-lenguas-vivas\/"},"modified":"2020-10-02T00:41:36","modified_gmt":"2020-10-02T03:41:36","slug":"estudiar-en-lenguas-vivas","status":"publish","type":"page","link":"https:\/\/pslv-sal.infd.edu.ar\/sitio\/estudiar-en-lenguas-vivas\/","title":{"rendered":"Estudiar en Lenguas Vivas"},"content":{"rendered":"<p><img decoding=\"async\" loading=\"lazy\" class=\"\" style=\"display: block; margin-left: auto; margin-right: auto;\" title=\"logo\" src=\"https:\/\/pslv-sal.infd.edu.ar\/sitio\/wp-content\/uploads\/2018\/07\/logo-1.png\" alt=\"logo\" width=\"185\" height=\"149\" border=\"0\" \/><\/p>\n<h2 style=\"text-align: center;\"><span style=\"font-family: 'times new roman', times; font-size: 14pt;\" data-mce-mark=\"1\">\u00a0<em><strong>Las lenguas, portadoras del poder simb\u00f3lico de transfigurar la experiencia humana en universo de discurso, constituyen el veh\u00edculo m\u00e1s efectivo y elocuente de acercamiento entre los pueblos y de intercambio de culturas.<\/strong><\/em><\/span><\/h2>\n<p>&nbsp;<\/p>\n<div style=\"width: 1024px;\" class=\"wp-video\"><!--[if lt IE 9]><script>document.createElement('video');<\/script><![endif]-->\n<video class=\"wp-video-shortcode\" id=\"video-819-1\" width=\"1024\" height=\"576\" preload=\"metadata\" controls=\"controls\"><source type=\"video\/mp4\" src=\"https:\/\/pslv-sal.infd.edu.ar\/sitio\/wp-content\/uploads\/2020\/10\/ins_mp4_baja.mp4?_=1\" \/><a href=\"https:\/\/pslv-sal.infd.edu.ar\/sitio\/wp-content\/uploads\/2020\/10\/ins_mp4_baja.mp4\">https:\/\/pslv-sal.infd.edu.ar\/sitio\/wp-content\/uploads\/2020\/10\/ins_mp4_baja.mp4<\/a><\/video><\/div>\n<p>&nbsp;<\/p>\n<p><span style=\"font-family: verdana, geneva; font-size: 12pt;\" data-mce-mark=\"1\">\u00a0<\/span><span style=\"font-family: verdana, geneva; font-size: 12pt;\" data-mce-mark=\"1\"><strong>En Lenguas Vivas encontrar\u00e1s:<\/strong><\/span><\/p>\n<ul>\n<li style=\"text-align: justify;\"><span style=\"font-family: verdana, geneva; font-size: 12pt;\" data-mce-mark=\"1\">Formaci\u00f3n de calidad<\/span><\/li>\n<li><span style=\"font-family: verdana, geneva; font-size: 12pt;\">Reconocimiento y prestigio en el medio.<\/span><\/li>\n<li><span style=\"font-family: verdana, geneva; font-size: 12pt;\">Distinci\u00f3n permanente de docentes y alumnos avanzados de todas las carreras con becas al exterior.<\/span><\/li>\n<li style=\"text-align: justify;\"><span style=\"font-family: verdana, geneva; font-size: 12pt;\">Cursos de capacitaci\u00f3n y dictado de post\u00edtulos.<\/span><\/li>\n<li style=\"text-align: justify;\"><span style=\"font-family: verdana, geneva; font-size: 12pt;\">Proyectos de investigaci\u00f3n<\/span><\/li>\n<li style=\"text-align: justify;\"><span style=\"font-family: verdana, geneva; font-size: 12pt;\">Acciones socio-comunitarias de proyecci\u00f3n al medio (cursos para jubilados y pensionados, clases de apoyo para alumnos de polimodal, programas de acci\u00f3n social)<\/span><\/li>\n<li style=\"text-align: justify;\"><span style=\"font-family: verdana, geneva; font-size: 12pt;\">Horario de clases de 19:00 a 23.00, lo que permite acceder a estudios superiores a personas que trabajan.<\/span><\/li>\n<li style=\"text-align: justify;\"><span style=\"font-family: verdana, geneva; font-size: 12pt;\">Inserci\u00f3n inmediata de los egresados en el mercado laboral.<\/span><\/li>\n<li style=\"text-align: justify;\"><span style=\"font-family: verdana, geneva; font-size: 12pt;\">Convenios interinstitucionales con organismos oficiales y empresas del medio.<\/span><\/li>\n<li>\n<p style=\"text-align: justify;\"><span style=\"font-family: verdana, geneva; font-size: 12pt;\" data-mce-mark=\"1\">Programa nacional de <a href=\"http:\/\/www.estimuloseconomicos.infd.edu.ar\/\" target=\"_blank\" rel=\"noopener\">ESTIMULOS ECONOMICOS PARA LA\u00a0FORMACION DOCENTE<\/a>\u00a0<\/span><span style=\"font-family: verdana, geneva; font-size: 12pt;\" data-mce-mark=\"1\">(Para ingresantes a los Profesorados de Ingl\u00e9s y de Franc\u00e9s).<\/span><\/p>\n<\/li>\n<\/ul>\n<p>&nbsp;<\/p>\n<hr width=\"50%\" \/>\n<p><strong><span style=\"font-family: verdana, geneva; font-size: 12pt;\" data-mce-mark=\"1\">\u00a0<\/span><\/strong><\/p>\n<p>&nbsp;<\/p>\n","protected":false},"excerpt":{"rendered":"<p>\u00a0Las lenguas, portadoras del poder simb\u00f3lico de transfigurar la experiencia humana en universo de discurso, constituyen el veh\u00edculo m\u00e1s efectivo y elocuente de acercamiento entre los pueblos y de intercambio de culturas. &nbsp; &nbsp; \u00a0En Lenguas Vivas encontrar\u00e1s: Formaci\u00f3n de calidad Reconocimiento y prestigio en el medio. Distinci\u00f3n permanente de docentes y alumnos avanzados de &#8230; <a title=\"Estudiar en Lenguas Vivas\" class=\"read-more\" href=\"https:\/\/pslv-sal.infd.edu.ar\/sitio\/estudiar-en-lenguas-vivas\/\" aria-label=\"More on Estudiar en Lenguas Vivas\">[+]<\/a><\/p>\n","protected":false},"author":753,"featured_media":0,"parent":0,"menu_order":0,"comment_status":"closed","ping_status":"closed","template":"","meta":[],"acf":[],"_links":{"self":[{"href":"https:\/\/pslv-sal.infd.edu.ar\/sitio\/wp-json\/wp\/v2\/pages\/819"}],"collection":[{"href":"https:\/\/pslv-sal.infd.edu.ar\/sitio\/wp-json\/wp\/v2\/pages"}],"about":[{"href":"https:\/\/pslv-sal.infd.edu.ar\/sitio\/wp-json\/wp\/v2\/types\/page"}],"author":[{"embeddable":true,"href":"https:\/\/pslv-sal.infd.edu.ar\/sitio\/wp-json\/wp\/v2\/users\/753"}],"replies":[{"embeddable":true,"href":"https:\/\/pslv-sal.infd.edu.ar\/sitio\/wp-json\/wp\/v2\/comments?post=819"}],"version-history":[{"count":6,"href":"https:\/\/pslv-sal.infd.edu.ar\/sitio\/wp-json\/wp\/v2\/pages\/819\/revisions"}],"predecessor-version":[{"id":1984,"href":"https:\/\/pslv-sal.infd.edu.ar\/sitio\/wp-json\/wp\/v2\/pages\/819\/revisions\/1984"}],"wp:attachment":[{"href":"https:\/\/pslv-sal.infd.edu.ar\/sitio\/wp-json\/wp\/v2\/media?parent=819"}],"curies":[{"name":"wp","href":"https:\/\/api.w.org\/{rel}","templated":true}]}}