{"id":845,"date":"2018-07-02T19:24:31","date_gmt":"2018-07-02T22:24:31","guid":{"rendered":"https:\/\/pslv-sal.infd.edu.ar\/sitio\/datos-institucionales\/"},"modified":"2023-05-05T20:17:01","modified_gmt":"2023-05-05T23:17:01","slug":"datos-institucionales","status":"publish","type":"page","link":"https:\/\/pslv-sal.infd.edu.ar\/sitio\/datos-institucionales\/","title":{"rendered":"Datos institucionales"},"content":{"rendered":"<p><img decoding=\"async\" loading=\"lazy\" title=\"Linea Horizontal\" src=\"https:\/\/pslv-sal.infd.edu.ar\/sitio\/wp-content\/uploads\/2018\/07\/bg_mio_3.png\" alt=\"Linea Horizontal\" width=\"649\" height=\"12\" border=\"0\" \/>\u00a0<img decoding=\"async\" style=\"display: block; margin-left: auto; margin-right: auto;\" title=\"logo\" src=\"https:\/\/pslv-sal.infd.edu.ar\/sitio\/wp-content\/uploads\/2018\/07\/logo-1.png\" alt=\"logo\" border=\"0\" \/><\/p>\n<table style=\"margin-left: auto; width: 665px; margin-right: auto; height: 246px;\" border=\"0\">\n<tbody>\n<tr>\n<td><span style=\"font-size: 12pt; font-family: verdana, geneva;\">Domicilio<\/span><\/td>\n<td><span style=\"font-size: 12pt; font-family: verdana, geneva;\">San Mart\u00edn 1765<\/span><\/td>\n<\/tr>\n<tr>\n<td><span style=\"font-size: 12pt; font-family: verdana, geneva;\">E-mail<\/span><\/td>\n<td><span style=\"font-size: 12pt; font-family: verdana, geneva;\">proflenguasvivas6007@gmail.com lenguasvivasifd@yahoo.com.ar<\/span><\/td>\n<\/tr>\n<tr>\n<td><span style=\"font-size: 12pt; font-family: verdana, geneva;\">P\u00e1gina web<\/span><\/td>\n<td><span style=\"font-size: 12pt; font-family: verdana, geneva;\"><a>http:\/\/pslv.sal.infd.edu.ar\/sitio\/<\/a><\/span><\/td>\n<\/tr>\n<tr>\n<td><span style=\"font-size: 12pt; font-family: verdana, geneva;\">Redes Sociales<\/span><\/td>\n<td><b><span style=\"font-size: large;\"><a href=\"https:\/\/www.facebook.com\/lenguas.vivas.395\" target=\"_blank\" rel=\"noopener\">\u00a0Facebook <\/a>&#8211; <a href=\"https:\/\/www.instagram.com\/lenguasvivas6007\" target=\"_blank\" rel=\"noopener\">Instagram<\/a><\/span><\/b><\/td>\n<\/tr>\n<tr>\n<td><span style=\"font-size: 12pt; font-family: verdana, geneva;\"><span style=\"font-family: verdana, geneva;\">Oferta Educativa<\/span><\/span><\/td>\n<td><span style=\"font-family: verdana, geneva; font-size: 12pt;\"><span lang=\"ES-AR\"><span style=\"color: windowtext; text-decoration: none; text-underline: none;\"><a title=\"Profesorado de Ingl\u00e9s\" href=\"https:\/\/pslv-sal.infd.edu.ar\/sitio\/plan-de-estudios\/\">Profesorado de Ingl\u00e9s<\/a><\/span> (4 a\u00f1os)<br \/>\n<\/span><span lang=\"ES-AR\"><span style=\"color: windowtext; text-decoration: none; text-underline: none;\"><a title=\"Profesorado de Franc\u00e9s \" href=\"https:\/\/pslv-sal.infd.edu.ar\/sitio\/plan-de-estudio\/\">Profesorado de Franc\u00e9s<\/a><\/span> (4 a\u00f1os)<br \/>\n<\/span><span lang=\"ES-AR\"><a href=\"https:\/\/pslv-sal.infd.edu.ar\/sitio\/plan-de-estudios-2\/\">Tecnicatura Superior en Ingl\u00e9s para el Turismo<\/a> (3 a\u00f1os)<\/span><\/span><\/td>\n<\/tr>\n<tr>\n<td><span style=\"font-family: verdana, geneva; font-size: 12pt;\">\u00a0<\/span><\/td>\n<td><span style=\"font-family: verdana, geneva; font-size: 12pt;\">\u00a0<\/span><\/td>\n<\/tr>\n<\/tbody>\n<\/table>\n","protected":false},"excerpt":{"rendered":"<p>\u00a0 Domicilio San Mart\u00edn 1765 E-mail proflenguasvivas6007@gmail.com lenguasvivasifd@yahoo.com.ar P\u00e1gina web http:\/\/pslv.sal.infd.edu.ar\/sitio\/ Redes Sociales \u00a0Facebook &#8211; Instagram Oferta Educativa Profesorado de Ingl\u00e9s (4 a\u00f1os) Profesorado de Franc\u00e9s (4 a\u00f1os) Tecnicatura Superior en Ingl\u00e9s para el Turismo (3 a\u00f1os) \u00a0 \u00a0<\/p>\n","protected":false},"author":753,"featured_media":0,"parent":0,"menu_order":0,"comment_status":"closed","ping_status":"closed","template":"","meta":[],"acf":[],"_links":{"self":[{"href":"https:\/\/pslv-sal.infd.edu.ar\/sitio\/wp-json\/wp\/v2\/pages\/845"}],"collection":[{"href":"https:\/\/pslv-sal.infd.edu.ar\/sitio\/wp-json\/wp\/v2\/pages"}],"about":[{"href":"https:\/\/pslv-sal.infd.edu.ar\/sitio\/wp-json\/wp\/v2\/types\/page"}],"author":[{"embeddable":true,"href":"https:\/\/pslv-sal.infd.edu.ar\/sitio\/wp-json\/wp\/v2\/users\/753"}],"replies":[{"embeddable":true,"href":"https:\/\/pslv-sal.infd.edu.ar\/sitio\/wp-json\/wp\/v2\/comments?post=845"}],"version-history":[{"count":4,"href":"https:\/\/pslv-sal.infd.edu.ar\/sitio\/wp-json\/wp\/v2\/pages\/845\/revisions"}],"predecessor-version":[{"id":2104,"href":"https:\/\/pslv-sal.infd.edu.ar\/sitio\/wp-json\/wp\/v2\/pages\/845\/revisions\/2104"}],"wp:attachment":[{"href":"https:\/\/pslv-sal.infd.edu.ar\/sitio\/wp-json\/wp\/v2\/media?parent=845"}],"curies":[{"name":"wp","href":"https:\/\/api.w.org\/{rel}","templated":true}]}}