{"id":849,"date":"2018-07-02T19:24:32","date_gmt":"2018-07-02T22:24:32","guid":{"rendered":"https:\/\/pslv-sal.infd.edu.ar\/sitio\/fechas-importantes-para-ingresantes-2018\/"},"modified":"2024-02-14T21:06:13","modified_gmt":"2024-02-15T00:06:13","slug":"fechas-importantes-para-ingresantes","status":"publish","type":"page","link":"https:\/\/pslv-sal.infd.edu.ar\/sitio\/fechas-importantes-para-ingresantes\/","title":{"rendered":"Fechas Importantes para Ingresantes (2024)"},"content":{"rendered":"<h1>Preinscripci\u00f3n al Periodo Lectivo 2024<\/h1>\n<h3><strong>Modalidad<\/strong>: <span style=\"color: #ff00ff;\">Presencial<\/span><\/h3>\n<h3><strong>Periodo<\/strong>: Del 11\/12\/2023 hasta 22\/12\/2023 de 20:00 hs. a 22:00 hs. y<\/h3>\n<h3>\u00a0 \u00a0 \u00a0 \u00a0 \u00a0 \u00a0 \u00a0 \u00a0 Del 14\/02\/2024 hasta 16\/02\/2024 de 19:00 hs. a 22:00 hs.<\/h3>\n<h3><strong>Lugar<\/strong>: <span style=\"color: #ff00ff;\">En la sede del Instituto: San Mart\u00edn esq. Cnel. Moldes<\/span><\/h3>\n<h1>\u00a0<\/h1>\n<h1>IMPORTANTE:<\/h1>\n<p class=\"cuerpo\" style=\"text-align: left;\"><strong><span style=\"text-decoration: underline;\"><span style=\"font-family: verdana, geneva; font-size: 12pt;\">Prof. Ingl\u00e9s:<\/span><\/span><\/strong><span style=\"text-decoration: underline;\"><span style=\"font-family: verdana, geneva; font-size: 12pt;\"> (Carrera con ingreso a trav\u00e9s de un orden de m\u00e9rito)<\/span><\/span><strong><span style=\"text-decoration: underline;\"><span style=\"font-family: verdana, geneva; font-size: 12pt;\"><br \/><\/span><\/span><\/strong><\/p>\n<p class=\"cuerpo\" style=\"text-align: left;\"><span style=\"text-decoration: underline;\"><strong><span style=\"font-family: verdana, geneva; font-size: 12pt;\">Prof. Franc\u00e9s y Tecnicatura:<\/span><\/strong><span style=\"font-family: verdana, geneva; font-size: 12pt;\"> (Carreras con cupo)<\/span><strong><span style=\"font-family: verdana, geneva; font-size: 12pt;\"><br \/><\/span><\/strong><\/span><\/p>\n<h3><span style=\"color: #800000;\"><strong>Solo podr\u00e1n inscribirse en una sola carrera<br \/><\/strong><\/span><\/h3>\n<h3><strong><span style=\"color: #800080;\">LEGAJO<\/span>:<\/strong><\/h3>\n<h3><strong>Requisitos a presentar al momento de la preinscripci\u00f3n<\/strong>:<\/h3>\n<ol>\n<li><a href=\"https:\/\/pslv-sal.infd.edu.ar\/sitio\/wp-content\/uploads\/2022\/12\/Formulario-Ingresantes-LVivas.pdf\">Formulario de Inscripci\u00f3n<\/a> (Hoja Tama\u00f1o Oficio):<br \/>Imprimirlo en hoja tama\u00f1o Oficio.<br \/>Completarlo con letra clara\u00a0 y en forma completa, excepto en los apartados donde se indica \u00abA llenar por Personal de la Instituci\u00f3n\u00bb.<\/li>\n<li>Copia del frente y dorso del Documento de Identidad<\/li>\n<li>Copia del Titulo Secundario \/ Constancia de titulo en tr\u00e1mite (con fecha actualizada) \/ Constancia de finalizaci\u00f3n de estudios secundarios. <span class=\"fontstyle0\">Se puede adeudar hasta dos materias, las cuales deber\u00e1n estar aprobadas hasta el mes de julio del per\u00edodo lectivo en curso, caso contrario no podr\u00e1 seguir cursando en el segundo cuatrimestre, perdiendo la categor\u00eda de estudiante regular del instituto.<\/span><\/li>\n<li>TODO DEBE ESTAR EN UN FOLIO PLASTICO TAMA\u00d1O OFICIO.<\/li>\n<\/ol>\n<h3>\u00a0<\/h3>\n<h3><strong>Requisitos a presentar al momento de Confirmar la inscripci\u00f3n<\/strong>:<\/h3>\n<ol>\n<li>Copia de la Partida de Nacimiento<\/li>\n<li>Dos (2) Fotos Carnet 4&#215;4<\/li>\n<li><a href=\"https:\/\/pslv-sal.infd.edu.ar\/sitio\/wp-content\/uploads\/2018\/11\/Certificado-de-Salud-2019.docx\">Certificado de Salud<\/a> (Puede ser presentado hasta el 30\/04\/2024)<\/li>\n<\/ol>\n<h3>\u00a0<\/h3>\n<h3><strong>Curso de Ingreso Obligatorio<\/strong><\/h3>\n<p>Modalidad:<span style=\"color: #800000;\"><strong> PRESENCIAL\u00a0<\/strong><\/span><\/p>\n<h2><span style=\"color: #ff0000;\">FECHA DE INICIO: 19\/02\/2024 19:00 hs<\/span><\/h2>\n<h2><span style=\"color: #ff0000;\">FECHA DE FIN: 01\/03\/2024 (inclusive)<\/span><\/h2>\n<h1>\u00a0<\/h1>\n<h1><span style=\"color: #800080;\">\u00a1\u00a1\u00a1Cartillas disponibles!!!<\/span><\/h1>\n<p><a href=\"https:\/\/pslv-sal.infd.edu.ar\/sitio\/wp-content\/uploads\/2024\/01\/Cartilla-Ingles-2024.pdf\">Lengua Inglesa<\/a><\/p>\n<p><a href=\"https:\/\/pslv-sal.infd.edu.ar\/sitio\/wp-content\/uploads\/2024\/01\/Cartilla-Lengua-2024.pdf\">Lengua Castellana<\/a><\/p>\n<p><a href=\"https:\/\/pslv-sal.infd.edu.ar\/sitio\/wp-content\/uploads\/2024\/01\/Cartilla-Frances-2024.pdf\">Lengua Francesa<\/a><\/p>\n<p><span style=\"font-family: verdana, geneva; font-size: 14pt;\"><strong style=\"font-size: 1em; font-family: verdana, geneva;\">Orden de m\u00e9rito para el ingreso al Profesorado de Ingl\u00e9s<\/strong><\/span><\/p>\n<ul>\n<li style=\"list-style-type: none;\">\n<ul>\n<li style=\"list-style-type: none;\">\n<ul>\n<li><span style=\"font-family: verdana, geneva; font-size: 12pt;\" data-mce-mark=\"1\"><span style=\"font-family: verdana, geneva; font-size: 12pt;\" data-mce-mark=\"1\"><span style=\"font-family: verdana, geneva; font-size: 12pt;\" data-mce-mark=\"1\"><strong style=\"font-family: verdana, geneva; font-size: 12pt;\">Fecha del Examen:<\/strong><\/span><\/span><\/span><br \/>\n<h2 style=\"text-align: left;\"><span style=\"color: #ff0000;\">\u00a0 \u00a0 \u00a0 \u00a0 <strong>04\/03\/2024<\/strong><\/span><\/h2>\n<\/li>\n<li><span style=\"font-family: verdana, geneva; font-size: 12pt;\"><strong>Horario: <strong style=\"font-family: verdana, geneva; font-size: 12pt;\"><span style=\"color: #800000;\"><i>A confirmar<\/i><\/span><\/strong><\/strong><\/span>\n<ul>\n<li><span style=\"font-family: verdana, geneva; font-size: 12pt;\"><span style=\"color: #800000;\">Lengua Castellana: A confirmar<\/span><br \/><\/span><\/li>\n<li><span style=\"font-family: verdana, geneva; font-size: 12pt;\"><span style=\"color: #800000;\">Lengua Inglesa: A confirmar<\/span><\/span><\/li>\n<\/ul>\n<\/li>\n<li><strong>Modalidad:<\/strong> <span style=\"color: #800000;\">Presencial.<\/span><strong><br \/><\/strong><\/li>\n<li><strong>Deben asistir con:<\/strong>\n<ul>\n<li><span style=\"color: #800000;\">DNI.<\/span><\/li>\n<li><span style=\"color: #800000;\">Dinero para las fotocopias de los ex\u00e1menes.<\/span><\/li>\n<\/ul>\n<\/li>\n<li><span style=\"font-family: verdana, geneva; font-size: 12pt;\"><strong>Comunicaci\u00f3n de resultados:<\/strong><\/span>\n<ul>\n<li><em><span style=\"font-family: verdana, geneva; font-size: 12pt;\"><strong>Fecha:<\/strong> <strong><span style=\"color: #800000;\">A confirmar<\/span><\/strong><\/span><\/em><em><span style=\"font-family: verdana, geneva; font-size: 12pt;\"><br \/><\/span><\/em><\/li>\n<\/ul>\n<\/li>\n<\/ul>\n<\/li>\n<\/ul>\n<\/li>\n<\/ul>\n<p class=\"cuerpo\" style=\"text-align: left;\"><em><span style=\"font-family: georgia, palatino; font-size: 12pt;\">Ingresan al Orden de m\u00e9rito:<\/span><\/em><\/p>\n<p><em><span style=\"font-family: georgia, palatino; font-size: 12pt;\">1) Los que obtengan, en el examen mencionado precedentemente, las mejores notas hasta cubrir el cupo.<\/span><\/em><\/p>\n<p><em><span style=\"font-family: georgia, palatino; font-size: 12pt;\">2) Quienes presenten certificaci\u00f3n de aprobaci\u00f3n de examen internacional &#8211; Nivel A2 o Superior.<\/span><\/em><\/p>\n<p><em><span style=\"font-family: georgia, palatino; font-size: 12pt;\">3) Quienes acrediten estudios universitarios en lengua inglesa a consideraci\u00f3n.<\/span><\/em><\/p>\n<p><span style=\"font-size: 12pt;\">\u00a0<\/span><\/p>\n<p style=\"text-align: center;\"><strong><span style=\"font-family: verdana, geneva; font-size: 14pt;\">Inicio de Clases para alumnos de 1er A\u00f1o todas las carreras<\/span><\/strong><\/p>\n<h2 style=\"text-align: center;\"><span style=\"color: #ff0000;\">11\/03\/2024<\/span><\/h2>\n<p style=\"text-align: center;\"><strong><span style=\"font-family: verdana, geneva; font-size: 14pt;\">Jornada de ambientaci\u00f3n para alumnos ingresantes<\/span><\/strong><\/p>\n<h2 style=\"text-align: center;\"><span style=\"color: #ff0000;\">20\/03\/2024<\/span><\/h2>\n<p>\u00a0<\/p>\n\n\n<p><\/p>\n","protected":false},"excerpt":{"rendered":"<p>Preinscripci\u00f3n al Periodo Lectivo 2024 Modalidad: Presencial Periodo: Del 11\/12\/2023 hasta 22\/12\/2023 de 20:00 hs. a 22:00 hs. y \u00a0 \u00a0 \u00a0 \u00a0 \u00a0 \u00a0 \u00a0 \u00a0 Del 14\/02\/2024 hasta 16\/02\/2024 de 19:00 hs. a 22:00 hs. Lugar: En la sede del Instituto: San Mart\u00edn esq. Cnel. Moldes \u00a0 IMPORTANTE: Prof. Ingl\u00e9s: (Carrera con ingreso &#8230; <a title=\"Fechas Importantes para Ingresantes (2024)\" class=\"read-more\" href=\"https:\/\/pslv-sal.infd.edu.ar\/sitio\/fechas-importantes-para-ingresantes\/\" aria-label=\"More on Fechas Importantes para Ingresantes (2024)\">[+]<\/a><\/p>\n","protected":false},"author":753,"featured_media":0,"parent":0,"menu_order":0,"comment_status":"closed","ping_status":"closed","template":"","meta":[],"acf":[],"_links":{"self":[{"href":"https:\/\/pslv-sal.infd.edu.ar\/sitio\/wp-json\/wp\/v2\/pages\/849"}],"collection":[{"href":"https:\/\/pslv-sal.infd.edu.ar\/sitio\/wp-json\/wp\/v2\/pages"}],"about":[{"href":"https:\/\/pslv-sal.infd.edu.ar\/sitio\/wp-json\/wp\/v2\/types\/page"}],"author":[{"embeddable":true,"href":"https:\/\/pslv-sal.infd.edu.ar\/sitio\/wp-json\/wp\/v2\/users\/753"}],"replies":[{"embeddable":true,"href":"https:\/\/pslv-sal.infd.edu.ar\/sitio\/wp-json\/wp\/v2\/comments?post=849"}],"version-history":[{"count":65,"href":"https:\/\/pslv-sal.infd.edu.ar\/sitio\/wp-json\/wp\/v2\/pages\/849\/revisions"}],"predecessor-version":[{"id":2182,"href":"https:\/\/pslv-sal.infd.edu.ar\/sitio\/wp-json\/wp\/v2\/pages\/849\/revisions\/2182"}],"wp:attachment":[{"href":"https:\/\/pslv-sal.infd.edu.ar\/sitio\/wp-json\/wp\/v2\/media?parent=849"}],"curies":[{"name":"wp","href":"https:\/\/api.w.org\/{rel}","templated":true}]}}