{"id":851,"date":"2018-07-02T19:24:33","date_gmt":"2018-07-02T22:24:33","guid":{"rendered":"https:\/\/pslv-sal.infd.edu.ar\/sitio\/requisitos-de-ingreso\/"},"modified":"2022-12-05T17:36:12","modified_gmt":"2022-12-05T20:36:12","slug":"requisitos-de-ingreso","status":"publish","type":"page","link":"https:\/\/pslv-sal.infd.edu.ar\/sitio\/requisitos-de-ingreso\/","title":{"rendered":"Requisitos de Ingreso"},"content":{"rendered":"<ul>\n<li><span style=\"font-family: verdana, geneva; font-size: 12pt;\">Fotocopia del t\u00edtulo o constancia de finalizaci\u00f3n\u00a0de estudios de nivel medio<\/span><\/li>\n<\/ul>\n<ul>\n<li><span style=\"font-family: verdana, geneva; font-size: 12pt;\" data-mce-mark=\"1\">Fotocopia de Partida de nacimiento<\/span><\/li>\n<\/ul>\n<ul>\n<li style=\"text-align: left;\"><span style=\"font-family: verdana, geneva; font-size: 12pt;\" data-mce-mark=\"1\">Fotocopia de las dos primeras hojas del DNI y llevar el DNI original<\/span><\/li>\n<\/ul>\n<ul>\n<li><span style=\"font-family: verdana, geneva; font-size: 12pt;\" data-mce-mark=\"1\">2 (dos) fotos carnet \u00a0<\/span><\/li>\n<\/ul>\n<ul>\n<li><span style=\"font-family: verdana, geneva; font-size: 12pt;\" data-mce-mark=\"1\"><a href=\"https:\/\/pslv-sal.infd.edu.ar\/sitio\/wp-content\/uploads\/2018\/11\/Certificado-de-Salud-2019.docx\">Certificado de Salud<\/a>:<\/span><\/li>\n<\/ul>\n<p style=\"padding-left: 60px;\"><span style=\"font-size: 1.2em; font-style: italic; line-height: 1.5;\">Art\u00edculo 2\u00b0: \u201c Establecer, a partir del per\u00edodo lectivo 2019, la entrada en vigencia del Certificado Aprobado por el Art\u00edculo 1\u00b0, <\/span><b style=\"font-size: 1.2em; font-style: italic; line-height: 1.5;\"><u>que deber\u00e1 ser presentado por los ingresantes, cursantes y recursantes en oportunidad de formalizar la inscripci\u00f3n correspondiente, y ser\u00e1 renovado anualmente, mientras no se haya obtenido la titulaci\u00f3n respectiva<\/u><\/b><span style=\"font-size: 1.2em; font-style: italic; line-height: 1.5;\">, de acuerdo a las fechas establecidas al efecto para el Nivel Superior, por el Ministerio de Educaci\u00f3n, Ciencia y Tecnolog\u00eda, seg\u00fan acto administrativo que al respecto se dicte\u201d. Disposici\u00f3n Conjunta Direcci\u00f3n General de Educaci\u00f3n Superior N\u00b0284\/18 y Direcci\u00f3n General de Educaci\u00f3n Privada N\u00b0 241\/18.<\/span><\/p>\n<ul>\n<li><span style=\"font-family: verdana, geneva;\"><span style=\"font-size: medium;\">Aporte anual de cooperadora<\/span><\/span><\/li>\n<li>Folio Pl\u00e1stico tama\u00f1o oficio<\/li>\n<li><a href=\"https:\/\/pslv-sal.infd.edu.ar\/sitio\/wp-content\/uploads\/2022\/12\/Formulario-Ingresantes-LVivas.pdf\"><span style=\"font-family: verdana, geneva;\"><span style=\"font-size: medium;\">Formulario de Inscripci\u00f3n completo<\/span><\/span><\/a><\/li>\n<\/ul>\n<h4 style=\"text-align: center;\"><span style=\"font-family: verdana, geneva; font-size: 12pt;\" data-mce-mark=\"1\">\u00a0<\/span><\/h4>\n<hr style=\"width: 30%;\" width=\"30%\" \/>\n<p style=\"text-align: center;\"><span style=\"font-family: verdana, geneva; font-size: 12pt;\" data-mce-mark=\"1\">\u00a0<\/span><\/p>\n","protected":false},"excerpt":{"rendered":"<p>Fotocopia del t\u00edtulo o constancia de finalizaci\u00f3n\u00a0de estudios de nivel medio Fotocopia de Partida de nacimiento Fotocopia de las dos primeras hojas del DNI y llevar el DNI original 2 (dos) fotos carnet \u00a0 Certificado de Salud: Art\u00edculo 2\u00b0: \u201c Establecer, a partir del per\u00edodo lectivo 2019, la entrada en vigencia del Certificado Aprobado por &#8230; <a title=\"Requisitos de Ingreso\" class=\"read-more\" href=\"https:\/\/pslv-sal.infd.edu.ar\/sitio\/requisitos-de-ingreso\/\" aria-label=\"More on Requisitos de Ingreso\">[+]<\/a><\/p>\n","protected":false},"author":753,"featured_media":0,"parent":0,"menu_order":0,"comment_status":"closed","ping_status":"closed","template":"","meta":[],"acf":[],"_links":{"self":[{"href":"https:\/\/pslv-sal.infd.edu.ar\/sitio\/wp-json\/wp\/v2\/pages\/851"}],"collection":[{"href":"https:\/\/pslv-sal.infd.edu.ar\/sitio\/wp-json\/wp\/v2\/pages"}],"about":[{"href":"https:\/\/pslv-sal.infd.edu.ar\/sitio\/wp-json\/wp\/v2\/types\/page"}],"author":[{"embeddable":true,"href":"https:\/\/pslv-sal.infd.edu.ar\/sitio\/wp-json\/wp\/v2\/users\/753"}],"replies":[{"embeddable":true,"href":"https:\/\/pslv-sal.infd.edu.ar\/sitio\/wp-json\/wp\/v2\/comments?post=851"}],"version-history":[{"count":9,"href":"https:\/\/pslv-sal.infd.edu.ar\/sitio\/wp-json\/wp\/v2\/pages\/851\/revisions"}],"predecessor-version":[{"id":2023,"href":"https:\/\/pslv-sal.infd.edu.ar\/sitio\/wp-json\/wp\/v2\/pages\/851\/revisions\/2023"}],"wp:attachment":[{"href":"https:\/\/pslv-sal.infd.edu.ar\/sitio\/wp-json\/wp\/v2\/media?parent=851"}],"curies":[{"name":"wp","href":"https:\/\/api.w.org\/{rel}","templated":true}]}}