{"id":873,"date":"2018-07-10T12:50:09","date_gmt":"2018-07-10T15:50:09","guid":{"rendered":"https:\/\/pslv-sal.infd.edu.ar\/sitio\/?page_id=873"},"modified":"2021-02-27T01:51:33","modified_gmt":"2021-02-27T04:51:33","slug":"inscripcion-a-concursos","status":"publish","type":"page","link":"https:\/\/pslv-sal.infd.edu.ar\/sitio\/inscripcion-a-concursos\/","title":{"rendered":"Inscripci\u00f3n a Concursos"},"content":{"rendered":"<p><span style=\"font-family: verdana, geneva; font-size: 12pt;\"><strong>Requisitos para la inscripci\u00f3n<\/strong><\/span><\/p>\n<p><span style=\"font-family: verdana, geneva;\"><img decoding=\"async\" loading=\"lazy\" title=\"Linea Horizontal\" src=\"https:\/\/pslv-sal.infd.edu.ar\/sitio\/wp-content\/uploads\/2018\/07\/bg_mio_1.png\" alt=\"Linea Horizontal\" width=\"678\" height=\"15\" border=\"0\" \/><\/span><\/p>\n<ul>\n<li style=\"text-align: justify;\"><span style=\"font-family: verdana, geneva; font-size: 10pt;\">Nota de solicitud de inscripci\u00f3n, dirigida a la Se\u00f1ora Rectora detallando el espacio curricular para el que se postula (con menci\u00f3n expresa de la\/las comisi\u00f3n\/es), en el lugar, d\u00eda y hora especificados en el Art\u00edculo 2\u00ba de las disposiciones que aprueban el llamado a concurso para cada caso, y dejando constancia de:<\/span><\/li>\n<\/ul>\n<p style=\"padding-left: 60px; text-align: justify;\"><span style=\"font-family: verdana, geneva; font-size: 10pt;\">a) No encontrarse comprendido en las causales de inhabilitaci\u00f3n previstas por el Art\u00edculo 50 de la Ley 6820 \u201cEstatuto del Educador\u201d;<\/span><\/p>\n<p style=\"padding-left: 60px; text-align: justify;\"><span style=\"font-family: verdana, geneva; font-size: 10pt;\">b) Conocer y aceptar las condiciones fijadas en la presente Disposici\u00f3n y en lo normado por la <a title=\"Disposici\u00f3n DGES 269\/2003\" href=\"https:\/\/dges-sal.infd.edu.ar\/sitio\/concursos-hs-catedras\/upload\/disposicion_269.pdf\">Disposici\u00f3n N\u00ba 269\/03<\/a> de la Direcci\u00f3n General de Educaci\u00f3n Superior.<\/span><\/p>\n<ul style=\"text-align: justify;\">\n<li><span style=\"font-family: verdana, geneva; font-size: 10pt;\">Curriculum Vitae nominal: t\u00edtulos, antecedentes, domicilio legal, etc., m\u00e1s documentaci\u00f3n probatoria, conforme <a title=\"Disposici\u00f3n DGES 269\/2003\" href=\"https:\/\/dges-sal.infd.edu.ar\/sitio\/concursos-hs-catedras\/upload\/disposicion_269.pdf\">Disposici\u00f3n N\u00ba 269\/03<\/a>.<\/span><\/li>\n<\/ul>\n<ul>\n<li style=\"text-align: justify;\"><span style=\"font-family: verdana, geneva; font-size: 10pt;\">Propuesta de trabajo para el desarrollo de la c\u00e1tedra en que se inscribe, la que deber\u00e1 presentarse en sobre que ser\u00e1 cerrado y sellado en su uni\u00f3n por el personal a cargo de la inscripci\u00f3n.<\/span><\/li>\n<\/ul>\n<p>&nbsp;<\/p>\n<p><span style=\"font-family: verdana, geneva; font-size: 12pt;\"><strong>Pautas Generales y especificaciones de la convocatoria<\/strong><\/span><\/p>\n<p><img decoding=\"async\" loading=\"lazy\" title=\"Linea Horizontal\" src=\"https:\/\/pslv-sal.infd.edu.ar\/sitio\/wp-content\/uploads\/2018\/07\/bg_mio_1.png\" alt=\"Linea Horizontal\" width=\"678\" height=\"15\" border=\"0\" \/><\/p>\n<ul>\n<li style=\"text-align: justify;\"><span style=\"font-size: 10pt; font-family: verdana, geneva;\">Evaluaci\u00f3n de T\u00edtulos, seg\u00fan criterios aprobados por <a title=\"DispPSLV_11_10122003\" href=\"upload\/DispPSLV11_10122003_72.pdf\" target=\"_blank\" rel=\"noopener\">Disposici\u00f3n N\u00ba 11\/03<\/a><\/span><\/li>\n<li style=\"text-align: justify;\"><span style=\"font-size: 10pt; font-family: verdana, geneva;\">Evaluaci\u00f3n de Antecedentes, en el marco de dicha norma.<\/span><\/li>\n<li style=\"text-align: justify;\"><span style=\"font-size: 10pt; font-family: verdana, geneva;\">Propuesta pedag\u00f3gica del postulante.\u00a0<\/span><\/li>\n<li style=\"text-align: justify;\"><span style=\"font-size: 10pt; font-family: verdana, geneva;\">Modalidad de la oposici\u00f3n: Entrevista personal.<\/span><\/li>\n<\/ul>\n<p style=\"text-align: justify;\">\n","protected":false},"excerpt":{"rendered":"<p>Requisitos para la inscripci\u00f3n Nota de solicitud de inscripci\u00f3n, dirigida a la Se\u00f1ora Rectora detallando el espacio curricular para el que se postula (con menci\u00f3n expresa de la\/las comisi\u00f3n\/es), en el lugar, d\u00eda y hora especificados en el Art\u00edculo 2\u00ba de las disposiciones que aprueban el llamado a concurso para cada caso, y dejando constancia &#8230; <a title=\"Inscripci\u00f3n a Concursos\" class=\"read-more\" href=\"https:\/\/pslv-sal.infd.edu.ar\/sitio\/inscripcion-a-concursos\/\" aria-label=\"More on Inscripci\u00f3n a Concursos\">[+]<\/a><\/p>\n","protected":false},"author":753,"featured_media":0,"parent":0,"menu_order":0,"comment_status":"closed","ping_status":"closed","template":"","meta":[],"acf":[],"_links":{"self":[{"href":"https:\/\/pslv-sal.infd.edu.ar\/sitio\/wp-json\/wp\/v2\/pages\/873"}],"collection":[{"href":"https:\/\/pslv-sal.infd.edu.ar\/sitio\/wp-json\/wp\/v2\/pages"}],"about":[{"href":"https:\/\/pslv-sal.infd.edu.ar\/sitio\/wp-json\/wp\/v2\/types\/page"}],"author":[{"embeddable":true,"href":"https:\/\/pslv-sal.infd.edu.ar\/sitio\/wp-json\/wp\/v2\/users\/753"}],"replies":[{"embeddable":true,"href":"https:\/\/pslv-sal.infd.edu.ar\/sitio\/wp-json\/wp\/v2\/comments?post=873"}],"version-history":[{"count":2,"href":"https:\/\/pslv-sal.infd.edu.ar\/sitio\/wp-json\/wp\/v2\/pages\/873\/revisions"}],"predecessor-version":[{"id":1487,"href":"https:\/\/pslv-sal.infd.edu.ar\/sitio\/wp-json\/wp\/v2\/pages\/873\/revisions\/1487"}],"wp:attachment":[{"href":"https:\/\/pslv-sal.infd.edu.ar\/sitio\/wp-json\/wp\/v2\/media?parent=873"}],"curies":[{"name":"wp","href":"https:\/\/api.w.org\/{rel}","templated":true}]}}