{"id":877,"date":"2018-07-10T12:50:09","date_gmt":"2018-07-10T15:50:09","guid":{"rendered":"https:\/\/pslv-sal.infd.edu.ar\/sitio\/?page_id=877"},"modified":"2023-09-20T21:00:31","modified_gmt":"2023-09-21T00:00:31","slug":"ingreso-2024","status":"publish","type":"page","link":"https:\/\/pslv-sal.infd.edu.ar\/sitio\/estudiar-en-lenguas-vivas\/ingreso-2024\/","title":{"rendered":"Ingreso 2024"},"content":{"rendered":"\n<figure class=\"wp-block-image size-full\"><img decoding=\"async\" loading=\"lazy\" width=\"1366\" height=\"768\" src=\"https:\/\/pslv-sal.infd.edu.ar\/sitio\/wp-content\/uploads\/2023\/09\/Triptico2024-1.png\" alt=\"\" class=\"wp-image-2142\" srcset=\"https:\/\/pslv-sal.infd.edu.ar\/sitio\/wp-content\/uploads\/2023\/09\/Triptico2024-1.png 1366w, https:\/\/pslv-sal.infd.edu.ar\/sitio\/wp-content\/uploads\/2023\/09\/Triptico2024-1-1000x562.png 1000w, https:\/\/pslv-sal.infd.edu.ar\/sitio\/wp-content\/uploads\/2023\/09\/Triptico2024-1-768x432.png 768w\" sizes=\"(max-width: 1366px) 100vw, 1366px\" \/><\/figure>\n\n\n\n<p><\/p>\n\n\n\n<p><\/p>\n\n\n\n<h2 class=\"wp-block-heading\"><mark style=\"background-color:rgba(0, 0, 0, 0)\" class=\"has-inline-color has-vivid-red-color\">OFERTA ACAD\u00c9MICA<\/mark><\/h2>\n\n\n\n<p><\/p>\n\n\n\n<h3 class=\"wp-block-heading\">Las fechas del Proceso de Ingreso se van actualizando en <a href=\"https:\/\/pslv-sal.infd.edu.ar\/sitio\/fechas-importantes-para-ingresantes\/\">este enlace<\/a><\/h3>\n\n\n\n<h2 class=\"wp-block-heading\"><\/h2>\n\n\n<div class=\"wp-block-image\">\n<figure class=\"aligncenter size-large is-resized\"><img decoding=\"async\" loading=\"lazy\" src=\"https:\/\/pslv-sal.infd.edu.ar\/sitio\/wp-content\/uploads\/2018\/07\/separador_1_1.png\" alt=\"\" class=\"wp-image-771\" width=\"403\" height=\"20\"\/><\/figure><\/div>\n\n<div class=\"wp-block-image is-style-default\">\n<figure class=\"aligncenter size-full is-resized\"><img decoding=\"async\" loading=\"lazy\" src=\"https:\/\/pslv-sal.infd.edu.ar\/sitio\/wp-content\/uploads\/2023\/09\/WhatsApp-Image-2023-09-19-at-20.54.45.jpeg\" alt=\"\" class=\"wp-image-2150\" width=\"-36\" height=\"-36\" srcset=\"https:\/\/pslv-sal.infd.edu.ar\/sitio\/wp-content\/uploads\/2023\/09\/WhatsApp-Image-2023-09-19-at-20.54.45.jpeg 983w, https:\/\/pslv-sal.infd.edu.ar\/sitio\/wp-content\/uploads\/2023\/09\/WhatsApp-Image-2023-09-19-at-20.54.45-768x770.jpeg 768w\" sizes=\"(max-width: 983px) 100vw, 983px\" \/><\/figure><\/div>\n\n<h2 style=\"text-align: center;\"><span style=\"font-size: 18pt; color: #800000;\"><em><span style=\"font-family: 'times new roman', times;\"><strong>Curso Preparatorio para el Ingreso al Profesorado en el Periodo Lectivo 2024<\/strong><\/span><\/em><\/span><\/h2>\n<p>\u00a0<\/p>\n<p><span style=\"font-family: verdana, geneva; font-size: 12pt; text-align: justify;\">Desde el 07 de octubre y hasta el 11 de noviembre de 2023 se dictar\u00e1 el curso de Preparaci\u00f3n para el ingreso al Profesorado en el Periodo Lectivo 2024.<\/span><\/p>\n<p><span style=\"font-family: verdana, geneva; font-size: 12pt; text-align: justify;\">Se dictar\u00e1 en forma presencial en la sede del Profesorado Superior de Lenguas Vivas, San Mart\u00edn esq. Cnel Moldes, los d\u00edas s\u00e1bados en el horario de 10:00 a 12:00.<\/span><\/p>\n<blockquote>\n<h2><span style=\"color: #0000ff;\">El registro en el curso preparatorio no implica inscripci\u00f3n en el Profesorado.<\/span><\/h2>\n<\/blockquote>\n<p><span style=\"color: #800000;\"><strong>Cupos del curso preparatorio:<\/strong><\/span><\/p>\n<ul>\n<li>Profesorado de Ingl\u00e9s: <span style=\"color: #800080;\"><strong>200 alumnos.<\/strong><\/span><\/li>\n<li>Profesorado de Franc\u00e9s: <span style=\"color: #800080;\"><strong>40 alumnos.<\/strong><\/span><\/li>\n<li>Tecnicatura superior en idiomas aplicados a los servicios turisticos:<span style=\"color: #800080;\"><strong>\u00a040 alumnos.<\/strong><\/span><\/li>\n<\/ul>\n\n\n<p><\/p>\n\n\n\n<p><\/p>\n\n\n\n<p class=\"has-text-align-center\" style=\"font-size:70px\"><strong><a href=\"https:\/\/docs.google.com\/forms\/d\/e\/1FAIpQLSfdbXYkcNp7e4sgSYQglmzUYPGpizVAt2GUSD_XGzC6vaW23g\/viewform\">Inscribite AQUI<\/a><\/strong><\/p>\n","protected":false},"excerpt":{"rendered":"<p>OFERTA ACAD\u00c9MICA Las fechas del Proceso de Ingreso se van actualizando en este enlace Curso Preparatorio para el Ingreso al Profesorado en el Periodo Lectivo 2024 \u00a0 Desde el 07 de octubre y hasta el 11 de noviembre de 2023 se dictar\u00e1 el curso de Preparaci\u00f3n para el ingreso al Profesorado en el Periodo Lectivo &#8230; <a title=\"Ingreso 2024\" class=\"read-more\" href=\"https:\/\/pslv-sal.infd.edu.ar\/sitio\/estudiar-en-lenguas-vivas\/ingreso-2024\/\" aria-label=\"More on Ingreso 2024\">[+]<\/a><\/p>\n","protected":false},"author":753,"featured_media":0,"parent":819,"menu_order":0,"comment_status":"closed","ping_status":"closed","template":"","meta":[],"acf":[],"_links":{"self":[{"href":"https:\/\/pslv-sal.infd.edu.ar\/sitio\/wp-json\/wp\/v2\/pages\/877"}],"collection":[{"href":"https:\/\/pslv-sal.infd.edu.ar\/sitio\/wp-json\/wp\/v2\/pages"}],"about":[{"href":"https:\/\/pslv-sal.infd.edu.ar\/sitio\/wp-json\/wp\/v2\/types\/page"}],"author":[{"embeddable":true,"href":"https:\/\/pslv-sal.infd.edu.ar\/sitio\/wp-json\/wp\/v2\/users\/753"}],"replies":[{"embeddable":true,"href":"https:\/\/pslv-sal.infd.edu.ar\/sitio\/wp-json\/wp\/v2\/comments?post=877"}],"version-history":[{"count":30,"href":"https:\/\/pslv-sal.infd.edu.ar\/sitio\/wp-json\/wp\/v2\/pages\/877\/revisions"}],"predecessor-version":[{"id":2151,"href":"https:\/\/pslv-sal.infd.edu.ar\/sitio\/wp-json\/wp\/v2\/pages\/877\/revisions\/2151"}],"up":[{"embeddable":true,"href":"https:\/\/pslv-sal.infd.edu.ar\/sitio\/wp-json\/wp\/v2\/pages\/819"}],"wp:attachment":[{"href":"https:\/\/pslv-sal.infd.edu.ar\/sitio\/wp-json\/wp\/v2\/media?parent=877"}],"curies":[{"name":"wp","href":"https:\/\/api.w.org\/{rel}","templated":true}]}}