{"id":891,"date":"2018-07-02T19:24:52","date_gmt":"2018-07-02T22:24:52","guid":{"rendered":"https:\/\/pslv-sal.infd.edu.ar\/sitio\/cursado\/"},"modified":"2024-02-19T21:01:37","modified_gmt":"2024-02-20T00:01:37","slug":"cursado","status":"publish","type":"page","link":"https:\/\/pslv-sal.infd.edu.ar\/sitio\/cursado\/","title":{"rendered":"Cursado"},"content":{"rendered":"<p><span style=\"font-family: verdana, geneva; font-size: 12pt;\"><strong style=\"font-family: verdana, geneva; font-size: 12pt;\"><span style=\"text-decoration: underline;\">Reinscripci\u00f3n periodo lectivo 2024:<\/span><\/strong><\/span><\/p>\n<h1><span style=\"color: #800000;\"><strong><span style=\"font-family: 'arial black', 'avant garde'; font-size: 18pt;\">04\/03\/2024 al 05\/03\/2024 en el horario de 19:00 a 22:00<\/span><\/strong><\/span><\/h1>\n<p><span style=\"font-family: verdana, geneva; font-size: 12pt;\">Solo alumnos recursantes y alumnos de 2do a 4to a\u00f1o.<\/span><\/p>\n<p><span style=\"font-family: verdana, geneva; font-size: 12pt;\"><span style=\"text-decoration: underline;\"><strong>Procedimiento<\/strong><\/span>:<\/span><\/p>\n<ol>\n<li>Descargar <a href=\"https:\/\/pslv-sal.infd.edu.ar\/sitio\/wp-content\/uploads\/2024\/02\/2024-FormularioReincripcion.xlsx\">FORMULARIO DE REINSCRIPCI\u00d3N<\/a>, Imprimir en TAMA\u00d1O OFICIO, Completarlo y entregarlo presencialmente.<\/li>\n<li>Descargar el FORMULARIO DE INSCRIPCI\u00d3N POR MATERIAS correspondiente al Plan en el que se reinscribi\u00f3. Imprimirlo, completarlo y firmarlo.\n<ol>\n<li><a href=\"https:\/\/pslv-sal.infd.edu.ar\/sitio\/wp-content\/uploads\/2024\/02\/2024-FormularioReincripcion_Prof_Ingles-2012.xlsx\">Profesorado de Ingl\u00e9s &#8211; Plan Res. 1789\/2012<\/a><\/li>\n<li><a href=\"https:\/\/pslv-sal.infd.edu.ar\/sitio\/wp-content\/uploads\/2024\/02\/2024-FormularioInscripcionMaterias_Prof_Ingles-2019.xlsx\">Profesorado de Ingl\u00e9s &#8211; Plan Res. 1219\/2019<\/a><\/li>\n<li><a href=\"https:\/\/pslv-sal.infd.edu.ar\/sitio\/wp-content\/uploads\/2024\/02\/2024-FormularioReincripcion_Prof_Frances-2012.xlsx\">Profesorado de Franc\u00e9s &#8211; Plan Res. 2041\/2012<\/a><\/li>\n<li><a href=\"https:\/\/pslv-sal.infd.edu.ar\/sitio\/wp-content\/uploads\/2024\/02\/2024-FormularioInscripcionMateria_Prof_Frances-2019.xlsx\">Profesorado de Franc\u00e9s &#8211; Plan Res. 1050\/2019<\/a><\/li>\n<li><a href=\"https:\/\/pslv-sal.infd.edu.ar\/sitio\/wp-content\/uploads\/2024\/02\/2024-FormularioInscripcionMaterias_Tecnicatura-2005.xlsx\">Tecnicatura Superior en Ingl\u00e9s para el Turismo<\/a><\/li>\n<li><a href=\"https:\/\/pslv-sal.infd.edu.ar\/sitio\/wp-content\/uploads\/2024\/02\/2024-FormularioInscripcionMaterias_TSIAST-2023.xlsx\">Tecnicatura Superior en Idiomas aplicados a los servicios turisticos<\/a><\/li>\n<\/ol>\n<\/li>\n<li>Si vas a hacer Cambio de Plan de Estudios, deber\u00e1s elegir el formulario del Plan 2019 de la carrera que te corresponda (Prof. Ingl\u00e9s o Prof. Franc\u00e9s) o de la Tecnicatura Superior en Idiomas aplicados a los servicios turisticos y adem\u00e1s deber\u00e1 presentar una nota solicitando el cambio de plan de estudios y que se reconozcan las materias que corresponda. Si ten\u00e9s dudas sobre cambio de plan, visit\u00e1 <a href=\"https:\/\/pslv-sal.infd.edu.ar\/sitio\/cambio-plan\/\">ESTE SITIO<\/a>.<\/li>\n<li>\u00a0Presentar el\u00a0<a href=\"https:\/\/pslv-sal.infd.edu.ar\/sitio\/wp-content\/uploads\/2018\/11\/Certificado-de-Salud-2019.docx\">Certificado de Salud<\/a>:\u00a0 Art\u00edculo 2\u00b0: \u201c Establecer, a partir del per\u00edodo lectivo 2019, la entrada en vigencia del Certificado Aprobado por el Art\u00edculo 1\u00b0, <b><u>que deber\u00e1 ser presentado por los ingresantes, cursantes y recursantes en oportunidad de formalizar la inscripci\u00f3n correspondiente, y ser\u00e1 renovado anualmente, mientras no se haya obtenido la titulaci\u00f3n respectiva<\/u><\/b>, de acuerdo a las fechas establecidas al efecto para el Nivel Superior, por el Ministerio de Educaci\u00f3n, Ciencia y Tecnolog\u00eda, seg\u00fan acto administrativo que al respecto se dicte\u201d. <a href=\"https:\/\/dges-sal.infd.edu.ar\/sitio\/wp-content\/uploads\/2018\/11\/Disp-Conjunta-DGES-284-18-DGEP-241-18.pdf\">Disposici\u00f3n Conjunta Direcci\u00f3n General de Educaci\u00f3n Superior N\u00b0284\/18 y Direcci\u00f3n General de Educaci\u00f3n Privada N\u00b0 241\/18<\/a>.<\/li>\n<li>TRAER TODO EN UN FOLIO OFICIO.<\/li>\n<li>Pago del Aporte Anual Voluntario ($10.000,00), el cual incluye el <span style=\"font-family: verdana, geneva; font-size: 12pt;\"><a title=\"Informaci\u00f3n para alumnos\" href=\"index.cgi?wid_seccion=5\">Seguro Escolar Obligatorio<\/a> de $ 1820,00.\u00a0<\/span><\/li>\n<li>Entregar todos los papeles en Preceptor\u00eda.<\/li>\n<\/ol>\n<p><span style=\"font-family: verdana, geneva; font-size: 12pt;\"><span style=\"text-decoration: underline;\"><strong>Inicio de Clases<\/strong><\/span>: <\/span><span style=\"font-family: 'arial black', 'avant garde'; font-size: 18pt; color: #800000;\"><strong>11\/03\/2024<\/strong><\/span><\/p>\n","protected":false},"excerpt":{"rendered":"<p>Reinscripci\u00f3n periodo lectivo 2024: 04\/03\/2024 al 05\/03\/2024 en el horario de 19:00 a 22:00 Solo alumnos recursantes y alumnos de 2do a 4to a\u00f1o. Procedimiento: Descargar FORMULARIO DE REINSCRIPCI\u00d3N, Imprimir en TAMA\u00d1O OFICIO, Completarlo y entregarlo presencialmente. Descargar el FORMULARIO DE INSCRIPCI\u00d3N POR MATERIAS correspondiente al Plan en el que se reinscribi\u00f3. Imprimirlo, completarlo y &#8230; <a title=\"Cursado\" class=\"read-more\" href=\"https:\/\/pslv-sal.infd.edu.ar\/sitio\/cursado\/\" aria-label=\"More on Cursado\">[+]<\/a><\/p>\n","protected":false},"author":753,"featured_media":0,"parent":0,"menu_order":0,"comment_status":"closed","ping_status":"closed","template":"","meta":[],"acf":[],"_links":{"self":[{"href":"https:\/\/pslv-sal.infd.edu.ar\/sitio\/wp-json\/wp\/v2\/pages\/891"}],"collection":[{"href":"https:\/\/pslv-sal.infd.edu.ar\/sitio\/wp-json\/wp\/v2\/pages"}],"about":[{"href":"https:\/\/pslv-sal.infd.edu.ar\/sitio\/wp-json\/wp\/v2\/types\/page"}],"author":[{"embeddable":true,"href":"https:\/\/pslv-sal.infd.edu.ar\/sitio\/wp-json\/wp\/v2\/users\/753"}],"replies":[{"embeddable":true,"href":"https:\/\/pslv-sal.infd.edu.ar\/sitio\/wp-json\/wp\/v2\/comments?post=891"}],"version-history":[{"count":24,"href":"https:\/\/pslv-sal.infd.edu.ar\/sitio\/wp-json\/wp\/v2\/pages\/891\/revisions"}],"predecessor-version":[{"id":2197,"href":"https:\/\/pslv-sal.infd.edu.ar\/sitio\/wp-json\/wp\/v2\/pages\/891\/revisions\/2197"}],"wp:attachment":[{"href":"https:\/\/pslv-sal.infd.edu.ar\/sitio\/wp-json\/wp\/v2\/media?parent=891"}],"curies":[{"name":"wp","href":"https:\/\/api.w.org\/{rel}","templated":true}]}}